{"id":1643,"date":"2022-12-15T12:24:03","date_gmt":"2022-12-15T08:24:03","guid":{"rendered":"https:\/\/dar-al-hikmah.org\/?page_id=1643"},"modified":"2022-12-25T11:07:41","modified_gmt":"2022-12-25T07:07:41","slug":"media-centre","status":"publish","type":"page","link":"https:\/\/dar-al-hikmah.org\/?page_id=1643","title":{"rendered":"Media Centre"},"content":{"rendered":"\t\t<div data-elementor-type=\"wp-page\" data-elementor-id=\"1643\" class=\"elementor elementor-1643\">\n\t\t\t\t\t\t<section class=\"elementor-section elementor-top-section elementor-element elementor-element-b9myanl elementor-section-boxed elementor-section-height-default elementor-section-height-default exad-glass-effect-no exad-sticky-section-no\" data-id=\"b9myanl\" data-element_type=\"section\" data-e-type=\"section\" data-settings=\"{&quot;background_background&quot;:&quot;classic&quot;}\">\n\t\t\t\t\t\t\t<div class=\"elementor-background-overlay\"><\/div>\n\t\t\t\t\t\t\t<div class=\"elementor-container elementor-column-gap-default\">\n\t\t\t\t\t<div class=\"elementor-column elementor-col-100 elementor-top-column elementor-element elementor-element-90988fe exad-glass-effect-no exad-sticky-section-no\" data-id=\"90988fe\" data-element_type=\"column\" data-e-type=\"column\">\n\t\t\t<div class=\"elementor-widget-wrap elementor-element-populated\">\n\t\t\t\t\t\t<div class=\"elementor-element elementor-element-4a1c612 exad-sticky-section-no exad-glass-effect-no elementor-widget elementor-widget-heading\" data-id=\"4a1c612\" data-element_type=\"widget\" data-e-type=\"widget\" data-widget_type=\"heading.default\">\n\t\t\t\t<div class=\"elementor-widget-container\">\n\t\t\t\t\t<h1 class=\"elementor-heading-title elementor-size-default\">MEDIA CENTRE<\/h1>\t\t\t\t<\/div>\n\t\t\t\t<\/div>\n\t\t\t\t<div class=\"elementor-element elementor-element-feee0e3 exad-sticky-section-no exad-glass-effect-no elementor-widget elementor-widget-text-editor\" data-id=\"feee0e3\" data-element_type=\"widget\" data-e-type=\"widget\" data-widget_type=\"text-editor.default\">\n\t\t\t\t<div class=\"elementor-widget-container\">\n\t\t\t\t\t\t\t\t\t<p>Resources to help you on your journey to jannah&#8230;\u00a0<\/p>\t\t\t\t\t\t\t\t<\/div>\n\t\t\t\t<\/div>\n\t\t\t\t\t<\/div>\n\t\t<\/div>\n\t\t\t\t\t<\/div>\n\t\t<\/section>\n\t\t\t\t<section class=\"elementor-section elementor-top-section elementor-element elementor-element-dkxj612 elementor-section-content-middle elementor-section-boxed elementor-section-height-default elementor-section-height-default exad-glass-effect-no exad-sticky-section-no\" data-id=\"dkxj612\" data-element_type=\"section\" data-e-type=\"section\">\n\t\t\t\t\t\t\t<div class=\"elementor-background-overlay\"><\/div>\n\t\t\t\t\t\t\t<div class=\"elementor-container elementor-column-gap-no\">\n\t\t\t\t\t<div class=\"elementor-column elementor-col-100 elementor-top-column elementor-element elementor-element-da6ae65 exad-glass-effect-no exad-sticky-section-no\" data-id=\"da6ae65\" data-element_type=\"column\" data-e-type=\"column\">\n\t\t\t<div class=\"elementor-widget-wrap elementor-element-populated\">\n\t\t\t\t\t\t<div class=\"elementor-element elementor-element-9551936 elementor-widget-divider--view-line_text elementor-widget-divider--element-align-left exad-sticky-section-no exad-glass-effect-no elementor-widget elementor-widget-divider\" data-id=\"9551936\" data-element_type=\"widget\" data-e-type=\"widget\" data-widget_type=\"divider.default\">\n\t\t\t\t<div class=\"elementor-widget-container\">\n\t\t\t\t\t\t\t<div class=\"elementor-divider\">\n\t\t\t<span class=\"elementor-divider-separator\">\n\t\t\t\t\t\t\t<h6 class=\"elementor-divider__text elementor-divider__element\">\n\t\t\t\tVideos\t\t\t\t<\/h6>\n\t\t\t\t\t\t<\/span>\n\t\t<\/div>\n\t\t\t\t\t\t<\/div>\n\t\t\t\t<\/div>\n\t\t\t\t<div class=\"elementor-element elementor-element-b0fabca exad-sticky-section-no exad-glass-effect-no elementor-widget elementor-widget-image-box\" data-id=\"b0fabca\" data-element_type=\"widget\" data-e-type=\"widget\" data-widget_type=\"image-box.default\">\n\t\t\t\t<div class=\"elementor-widget-container\">\n\t\t\t\t\t<div class=\"elementor-image-box-wrapper\"><div class=\"elementor-image-box-content\"><h2 class=\"elementor-image-box-title\"><a href=\"https:\/\/www.youtube.com\/@abdoolgaffourjoholee9808\" target=\"_blank\">YouTube<\/a><\/h2><p class=\"elementor-image-box-description\">Discover a wide range of short, inspirational videos below... <\/p><\/div><\/div>\t\t\t\t<\/div>\n\t\t\t\t<\/div>\n\t\t\t\t<section class=\"elementor-section elementor-inner-section elementor-element elementor-element-f18eb3f elementor-section-boxed elementor-section-height-default elementor-section-height-default exad-glass-effect-no exad-sticky-section-no\" data-id=\"f18eb3f\" data-element_type=\"section\" data-e-type=\"section\">\n\t\t\t\t\t\t<div class=\"elementor-container elementor-column-gap-no\">\n\t\t\t\t\t<div class=\"elementor-column elementor-col-25 elementor-inner-column elementor-element elementor-element-8c99614 exad-glass-effect-no exad-sticky-section-no\" data-id=\"8c99614\" data-element_type=\"column\" data-e-type=\"column\" data-settings=\"{&quot;background_background&quot;:&quot;classic&quot;}\">\n\t\t\t<div class=\"elementor-widget-wrap elementor-element-populated\">\n\t\t\t\t\t\t<div class=\"elementor-element elementor-element-2ed02fd exad-sticky-section-no exad-glass-effect-no elementor-widget elementor-widget-image\" data-id=\"2ed02fd\" data-element_type=\"widget\" data-e-type=\"widget\" data-widget_type=\"image.default\">\n\t\t\t\t<div class=\"elementor-widget-container\">\n\t\t\t\t\t\t\t\t\t\t\t\t\t\t\t<img fetchpriority=\"high\" decoding=\"async\" width=\"1024\" height=\"673\" src=\"https:\/\/dar-al-hikmah.org\/wp-content\/uploads\/2022\/12\/prophet-mosque-masjid-2249759-1024x673.jpg\" class=\"attachment-large size-large wp-image-2132\" alt=\"prophet, mosque, masjid-2249759.jpg\" srcset=\"https:\/\/dar-al-hikmah.org\/wp-content\/uploads\/2022\/12\/prophet-mosque-masjid-2249759-1024x673.jpg 1024w, https:\/\/dar-al-hikmah.org\/wp-content\/uploads\/2022\/12\/prophet-mosque-masjid-2249759-300x197.jpg 300w, https:\/\/dar-al-hikmah.org\/wp-content\/uploads\/2022\/12\/prophet-mosque-masjid-2249759-768x505.jpg 768w, https:\/\/dar-al-hikmah.org\/wp-content\/uploads\/2022\/12\/prophet-mosque-masjid-2249759.jpg 1280w\" sizes=\"(max-width: 1024px) 100vw, 1024px\" \/>\t\t\t\t\t\t\t\t\t\t\t\t\t\t\t<\/div>\n\t\t\t\t<\/div>\n\t\t\t\t<div class=\"elementor-element elementor-element-543d481 elementor-widget__width-inherit exad-sticky-section-no exad-glass-effect-no elementor-widget elementor-widget-image-box\" data-id=\"543d481\" data-element_type=\"widget\" data-e-type=\"widget\" data-widget_type=\"image-box.default\">\n\t\t\t\t<div class=\"elementor-widget-container\">\n\t\t\t\t\t<div class=\"elementor-image-box-wrapper\"><div class=\"elementor-image-box-content\"><h5 class=\"elementor-image-box-title\">Ramadan 2022<\/h5><p class=\"elementor-image-box-description\">A collection of 12 short impactful videos recorded in Creole. <\/p><\/div><\/div>\t\t\t\t<\/div>\n\t\t\t\t<\/div>\n\t\t\t\t\t<\/div>\n\t\t<\/div>\n\t\t\t\t<div class=\"elementor-column elementor-col-25 elementor-inner-column elementor-element elementor-element-d475267 exad-glass-effect-no exad-sticky-section-no\" data-id=\"d475267\" data-element_type=\"column\" data-e-type=\"column\" data-settings=\"{&quot;background_background&quot;:&quot;classic&quot;}\">\n\t\t\t<div class=\"elementor-widget-wrap elementor-element-populated\">\n\t\t\t\t\t\t<div class=\"exad-link-anything-wrapper elementor-element elementor-element-65a6136 exad-sticky-section-no exad-glass-effect-no elementor-widget elementor-widget-image\" data-exad-element-link=\"{&quot;url&quot;:&quot;https:\\\/\\\/dar-al-hikmah.org\\\/?page_id=1892&quot;,&quot;is_external&quot;:&quot;&quot;,&quot;nofollow&quot;:&quot;&quot;,&quot;custom_attributes&quot;:&quot;&quot;}\" style=\"cursor: pointer\" data-id=\"65a6136\" data-element_type=\"widget\" data-e-type=\"widget\" data-widget_type=\"image.default\">\n\t\t\t\t<div class=\"elementor-widget-container\">\n\t\t\t\t\t\t\t\t\t\t\t\t\t\t\t<img decoding=\"async\" width=\"150\" height=\"150\" src=\"https:\/\/dar-al-hikmah.org\/wp-content\/uploads\/2022\/12\/building-mosque-dome-5710174-150x150.jpg\" class=\"attachment-thumbnail size-thumbnail wp-image-2476\" alt=\"building, mosque, dome-5710174.jpg\" \/>\t\t\t\t\t\t\t\t\t\t\t\t\t\t\t<\/div>\n\t\t\t\t<\/div>\n\t\t\t\t<div class=\"elementor-element elementor-element-06d3114 elementor-widget__width-inherit exad-sticky-section-no exad-glass-effect-no elementor-widget elementor-widget-image-box\" data-id=\"06d3114\" data-element_type=\"widget\" data-e-type=\"widget\" data-widget_type=\"image-box.default\">\n\t\t\t\t<div class=\"elementor-widget-container\">\n\t\t\t\t\t<div class=\"elementor-image-box-wrapper\"><div class=\"elementor-image-box-content\"><h5 class=\"elementor-image-box-title\">Ramadan 2021<\/h5><p class=\"elementor-image-box-description\">A collection of 25 videos  collectively titled \"Comment Fa\u00e7onner Notre Personalit\u00e9 \u00e0 La Lumi\u00e8re du Qur'an et de la Sunnah\" recorded in Creole. <\/p><\/div><\/div>\t\t\t\t<\/div>\n\t\t\t\t<\/div>\n\t\t\t\t\t<\/div>\n\t\t<\/div>\n\t\t\t\t<div class=\"elementor-column elementor-col-25 elementor-inner-column elementor-element elementor-element-e6adec4 exad-glass-effect-no exad-sticky-section-no\" data-id=\"e6adec4\" data-element_type=\"column\" data-e-type=\"column\" data-settings=\"{&quot;background_background&quot;:&quot;classic&quot;}\">\n\t\t\t<div class=\"elementor-widget-wrap elementor-element-populated\">\n\t\t\t\t\t\t<div class=\"exad-link-anything-wrapper elementor-element elementor-element-e805f7f exad-sticky-section-no exad-glass-effect-no elementor-widget elementor-widget-image\" data-exad-element-link=\"{&quot;url&quot;:&quot;https:\\\/\\\/dar-al-hikmah.org\\\/?page_id=1765&quot;,&quot;is_external&quot;:&quot;&quot;,&quot;nofollow&quot;:&quot;&quot;,&quot;custom_attributes&quot;:&quot;&quot;}\" style=\"cursor: pointer\" data-id=\"e805f7f\" data-element_type=\"widget\" data-e-type=\"widget\" data-widget_type=\"image.default\">\n\t\t\t\t<div class=\"elementor-widget-container\">\n\t\t\t\t\t\t\t\t\t\t\t\t\t\t\t<img decoding=\"async\" width=\"768\" height=\"1024\" src=\"https:\/\/dar-al-hikmah.org\/wp-content\/uploads\/2022\/12\/ramadan-quran-candle-4206409-768x1024.jpg\" class=\"attachment-large size-large wp-image-2113\" alt=\"ramadan, quran, candle-4206409.jpg\" srcset=\"https:\/\/dar-al-hikmah.org\/wp-content\/uploads\/2022\/12\/ramadan-quran-candle-4206409-768x1024.jpg 768w, https:\/\/dar-al-hikmah.org\/wp-content\/uploads\/2022\/12\/ramadan-quran-candle-4206409-225x300.jpg 225w, https:\/\/dar-al-hikmah.org\/wp-content\/uploads\/2022\/12\/ramadan-quran-candle-4206409.jpg 960w\" sizes=\"(max-width: 768px) 100vw, 768px\" \/>\t\t\t\t\t\t\t\t\t\t\t\t\t\t\t<\/div>\n\t\t\t\t<\/div>\n\t\t\t\t<div class=\"elementor-element elementor-element-01f0e61 elementor-widget__width-inherit exad-sticky-section-no exad-glass-effect-no elementor-widget elementor-widget-image-box\" data-id=\"01f0e61\" data-element_type=\"widget\" data-e-type=\"widget\" data-widget_type=\"image-box.default\">\n\t\t\t\t<div class=\"elementor-widget-container\">\n\t\t\t\t\t<div class=\"elementor-image-box-wrapper\"><div class=\"elementor-image-box-content\"><h5 class=\"elementor-image-box-title\">Ramadan 2020<\/h5><p class=\"elementor-image-box-description\">A collection of 28 videos recorded in Creole. <\/p><\/div><\/div>\t\t\t\t<\/div>\n\t\t\t\t<\/div>\n\t\t\t\t\t<\/div>\n\t\t<\/div>\n\t\t\t\t<div class=\"elementor-column elementor-col-25 elementor-inner-column elementor-element elementor-element-85b6183 exad-glass-effect-no exad-sticky-section-no\" data-id=\"85b6183\" data-element_type=\"column\" data-e-type=\"column\" data-settings=\"{&quot;background_background&quot;:&quot;classic&quot;}\">\n\t\t\t<div class=\"elementor-widget-wrap elementor-element-populated\">\n\t\t\t\t\t\t<div class=\"elementor-element elementor-element-2430362 exad-sticky-section-no exad-glass-effect-no elementor-widget elementor-widget-image\" data-id=\"2430362\" data-element_type=\"widget\" data-e-type=\"widget\" data-widget_type=\"image.default\">\n\t\t\t\t<div class=\"elementor-widget-container\">\n\t\t\t\t\t\t\t\t\t\t\t\t\t\t\t<img loading=\"lazy\" decoding=\"async\" width=\"1024\" height=\"682\" src=\"https:\/\/dar-al-hikmah.org\/wp-content\/uploads\/2022\/12\/bird-of-paradise-flower-flower-plant-1073282-1024x682.jpg\" class=\"attachment-large size-large wp-image-2134\" alt=\"bird of paradise flower, flower, plant-1073282.jpg\" srcset=\"https:\/\/dar-al-hikmah.org\/wp-content\/uploads\/2022\/12\/bird-of-paradise-flower-flower-plant-1073282-1024x682.jpg 1024w, https:\/\/dar-al-hikmah.org\/wp-content\/uploads\/2022\/12\/bird-of-paradise-flower-flower-plant-1073282-300x200.jpg 300w, https:\/\/dar-al-hikmah.org\/wp-content\/uploads\/2022\/12\/bird-of-paradise-flower-flower-plant-1073282-768x512.jpg 768w, https:\/\/dar-al-hikmah.org\/wp-content\/uploads\/2022\/12\/bird-of-paradise-flower-flower-plant-1073282.jpg 1280w\" sizes=\"(max-width: 1024px) 100vw, 1024px\" \/>\t\t\t\t\t\t\t\t\t\t\t\t\t\t\t<\/div>\n\t\t\t\t<\/div>\n\t\t\t\t<div class=\"elementor-element elementor-element-72ea03a elementor-widget__width-inherit exad-sticky-section-no exad-glass-effect-no elementor-widget elementor-widget-image-box\" data-id=\"72ea03a\" data-element_type=\"widget\" data-e-type=\"widget\" data-widget_type=\"image-box.default\">\n\t\t\t\t<div class=\"elementor-widget-container\">\n\t\t\t\t\t<div class=\"elementor-image-box-wrapper\"><div class=\"elementor-image-box-content\"><h5 class=\"elementor-image-box-title\">Misc Videos<\/h5><p class=\"elementor-image-box-description\">Additional Director<\/p><\/div><\/div>\t\t\t\t<\/div>\n\t\t\t\t<\/div>\n\t\t\t\t\t<\/div>\n\t\t<\/div>\n\t\t\t\t\t<\/div>\n\t\t<\/section>\n\t\t\t\t\t<\/div>\n\t\t<\/div>\n\t\t\t\t\t<\/div>\n\t\t<\/section>\n\t\t\t\t<section class=\"elementor-section elementor-top-section elementor-element elementor-element-ps40jwv elementor-section-content-middle elementor-section-boxed elementor-section-height-default elementor-section-height-default exad-glass-effect-no exad-sticky-section-no\" data-id=\"ps40jwv\" data-element_type=\"section\" data-e-type=\"section\" data-settings=\"{&quot;background_background&quot;:&quot;classic&quot;}\">\n\t\t\t\t\t\t\t<div class=\"elementor-background-overlay\"><\/div>\n\t\t\t\t\t\t\t<div class=\"elementor-container elementor-column-gap-no\">\n\t\t\t\t\t<div class=\"elementor-column elementor-col-100 elementor-top-column elementor-element elementor-element-1831b66 exad-glass-effect-no exad-sticky-section-no\" data-id=\"1831b66\" data-element_type=\"column\" data-e-type=\"column\">\n\t\t\t<div class=\"elementor-widget-wrap elementor-element-populated\">\n\t\t\t\t\t\t<div class=\"elementor-element elementor-element-3f64cda elementor-widget-divider--view-line_text elementor-widget-divider--element-align-left exad-sticky-section-no exad-glass-effect-no elementor-widget elementor-widget-divider\" data-id=\"3f64cda\" data-element_type=\"widget\" data-e-type=\"widget\" data-widget_type=\"divider.default\">\n\t\t\t\t<div class=\"elementor-widget-container\">\n\t\t\t\t\t\t\t<div class=\"elementor-divider\">\n\t\t\t<span class=\"elementor-divider-separator\">\n\t\t\t\t\t\t\t<h6 class=\"elementor-divider__text elementor-divider__element\">\n\t\t\t\tIqra\t\t\t\t<\/h6>\n\t\t\t\t\t\t<\/span>\n\t\t<\/div>\n\t\t\t\t\t\t<\/div>\n\t\t\t\t<\/div>\n\t\t\t\t<div class=\"elementor-element elementor-element-e50b5bd exad-sticky-section-no exad-glass-effect-no elementor-widget elementor-widget-image-box\" data-id=\"e50b5bd\" data-element_type=\"widget\" data-e-type=\"widget\" data-widget_type=\"image-box.default\">\n\t\t\t\t<div class=\"elementor-widget-container\">\n\t\t\t\t\t<div class=\"elementor-image-box-wrapper\"><div class=\"elementor-image-box-content\"><h2 class=\"elementor-image-box-title\">Books<\/h2><p class=\"elementor-image-box-description\">Interdum exercitation penatibus, praesentium facilisi accusamus fermentum, sagittis.<\/p><\/div><\/div>\t\t\t\t<\/div>\n\t\t\t\t<\/div>\n\t\t\t\t<div class=\"elementor-element elementor-element-f44f54a elementor-pagination-position-outside exad-sticky-section-no exad-glass-effect-no elementor-widget elementor-widget-image-carousel\" data-id=\"f44f54a\" data-element_type=\"widget\" data-e-type=\"widget\" data-settings=\"{&quot;slides_to_show&quot;:&quot;3&quot;,&quot;slides_to_scroll&quot;:&quot;1&quot;,&quot;navigation&quot;:&quot;dots&quot;,&quot;slides_to_show_tablet&quot;:&quot;2&quot;,&quot;slides_to_show_mobile&quot;:&quot;1&quot;,&quot;autoplay&quot;:&quot;no&quot;,&quot;infinite&quot;:&quot;yes&quot;,&quot;speed&quot;:500,&quot;image_spacing_custom&quot;:{&quot;unit&quot;:&quot;px&quot;,&quot;size&quot;:20,&quot;sizes&quot;:[]},&quot;image_spacing_custom_tablet&quot;:{&quot;unit&quot;:&quot;px&quot;,&quot;size&quot;:&quot;&quot;,&quot;sizes&quot;:[]}}\" data-widget_type=\"image-carousel.default\">\n\t\t\t\t<div class=\"elementor-widget-container\">\n\t\t\t\t\t\t\t<div class=\"elementor-image-carousel-wrapper swiper\" role=\"region\" aria-roledescription=\"carousel\" aria-label=\"Image Carousel\" dir=\"ltr\">\n\t\t\t<div class=\"elementor-image-carousel swiper-wrapper swiper-image-stretch\" aria-live=\"polite\">\n\t\t\t\t\t\t\t\t<div class=\"swiper-slide\" role=\"group\" aria-roledescription=\"slide\" aria-label=\"1 of 4\"><figure class=\"swiper-slide-inner\"><img decoding=\"async\" class=\"swiper-slide-image\" src=\"https:\/\/dar-al-hikmah.org\/wp-content\/uploads\/2022\/12\/winter-sports-01.jpg\" alt=\"\" \/><\/figure><\/div><div class=\"swiper-slide\" role=\"group\" aria-roledescription=\"slide\" aria-label=\"2 of 4\"><figure class=\"swiper-slide-inner\"><img decoding=\"async\" class=\"swiper-slide-image\" src=\"https:\/\/dar-al-hikmah.org\/wp-content\/uploads\/2022\/12\/winter-sports-02.jpg\" alt=\"\" \/><\/figure><\/div><div class=\"swiper-slide\" role=\"group\" aria-roledescription=\"slide\" aria-label=\"3 of 4\"><figure class=\"swiper-slide-inner\"><img decoding=\"async\" class=\"swiper-slide-image\" src=\"https:\/\/dar-al-hikmah.org\/wp-content\/uploads\/2022\/12\/winter-sports-03.jpg\" alt=\"\" \/><\/figure><\/div><div class=\"swiper-slide\" role=\"group\" aria-roledescription=\"slide\" aria-label=\"4 of 4\"><figure class=\"swiper-slide-inner\"><img decoding=\"async\" class=\"swiper-slide-image\" src=\"https:\/\/dar-al-hikmah.org\/wp-content\/uploads\/2022\/12\/winter-sports-04.jpg\" alt=\"\" \/><\/figure><\/div>\t\t\t<\/div>\n\t\t\t\t\t\t\t\n\t\t\t\t\t\t\t\t\t<div class=\"swiper-pagination\"><\/div>\n\t\t\t\t\t\t\t\t\t<\/div>\n\t\t\t\t\t\t<\/div>\n\t\t\t\t<\/div>\n\t\t\t\t\t<\/div>\n\t\t<\/div>\n\t\t\t\t\t<\/div>\n\t\t<\/section>\n\t\t\t\t<\/div>\n\t\t","protected":false},"excerpt":{"rendered":"<p>MEDIA CENTRE Resources to help you on your journey to jannah&#8230;\u00a0 Videos YouTube Discover a wide range of short, inspirational videos below&#8230; Ramadan 2022 A collection of 12 short impactful videos recorded in Creole. Ramadan 2021 A collection of 25 videos collectively titled &#8220;Comment Fa\u00e7onner Notre Personalit\u00e9 \u00e0 La Lumi\u00e8re du Qur&#8217;an et de la &hellip;<\/p>\n<p class=\"read-more\"> <a class=\"\" href=\"https:\/\/dar-al-hikmah.org\/?page_id=1643\"> <span class=\"screen-reader-text\">Media Centre<\/span> Read More &raquo;<\/a><\/p>\n","protected":false},"author":1,"featured_media":0,"parent":0,"menu_order":0,"comment_status":"closed","ping_status":"closed","template":"","meta":{"om_disable_all_campaigns":false,"_monsterinsights_skip_tracking":false,"_monsterinsights_sitenote_active":false,"_monsterinsights_sitenote_note":"","_monsterinsights_sitenote_category":0,"site-sidebar-layout":"no-sidebar","site-content-layout":"page-builder","ast-global-header-display":"","ast-main-header-display":"","ast-hfb-above-header-display":"","ast-hfb-below-header-display":"","ast-hfb-mobile-header-display":"","site-post-title":"disabled","ast-breadcrumbs-content":"","ast-featured-img":"disabled","footer-sml-layout":"","theme-transparent-header-meta":"","adv-header-id-meta":"","stick-header-meta":"","header-above-stick-meta":"","header-main-stick-meta":"","header-below-stick-meta":"","footnotes":""},"class_list":["post-1643","page","type-page","status-publish","hentry"],"aioseo_notices":[],"rttpg_featured_image_url":null,"rttpg_author":{"display_name":"oumaimah10","author_link":"https:\/\/dar-al-hikmah.org\/?author=1"},"rttpg_comment":0,"rttpg_category":null,"rttpg_excerpt":"MEDIA CENTRE Resources to help you on your journey to jannah&#8230;\u00a0 Videos YouTube Discover a wide range of short, inspirational videos below&#8230; Ramadan 2022 A collection of 12 short impactful videos recorded in Creole. Ramadan 2021 A collection of 25 videos collectively titled &#8220;Comment Fa\u00e7onner Notre Personalit\u00e9 \u00e0 La Lumi\u00e8re du Qur&#8217;an et de la&hellip;","_links":{"self":[{"href":"https:\/\/dar-al-hikmah.org\/index.php?rest_route=\/wp\/v2\/pages\/1643","targetHints":{"allow":["GET"]}}],"collection":[{"href":"https:\/\/dar-al-hikmah.org\/index.php?rest_route=\/wp\/v2\/pages"}],"about":[{"href":"https:\/\/dar-al-hikmah.org\/index.php?rest_route=\/wp\/v2\/types\/page"}],"author":[{"embeddable":true,"href":"https:\/\/dar-al-hikmah.org\/index.php?rest_route=\/wp\/v2\/users\/1"}],"replies":[{"embeddable":true,"href":"https:\/\/dar-al-hikmah.org\/index.php?rest_route=%2Fwp%2Fv2%2Fcomments&post=1643"}],"version-history":[{"count":97,"href":"https:\/\/dar-al-hikmah.org\/index.php?rest_route=\/wp\/v2\/pages\/1643\/revisions"}],"predecessor-version":[{"id":2488,"href":"https:\/\/dar-al-hikmah.org\/index.php?rest_route=\/wp\/v2\/pages\/1643\/revisions\/2488"}],"wp:attachment":[{"href":"https:\/\/dar-al-hikmah.org\/index.php?rest_route=%2Fwp%2Fv2%2Fmedia&parent=1643"}],"curies":[{"name":"wp","href":"https:\/\/api.w.org\/{rel}","templated":true}]}}